{"id":544,"date":"2025-03-03T20:25:12","date_gmt":"2025-03-03T20:25:12","guid":{"rendered":"https:\/\/stressnostress.ch\/?page_id=544"},"modified":"2025-03-09T21:01:12","modified_gmt":"2025-03-09T21:01:12","slug":"uber-uns","status":"publish","type":"page","link":"https:\/\/stressnostress.ch\/index.php\/uber-uns\/","title":{"rendered":"\u00dcber uns"},"content":{"rendered":"\t\t<div data-elementor-type=\"wp-page\" data-elementor-id=\"544\" class=\"elementor elementor-544\" data-elementor-post-type=\"page\">\n\t\t\t\t<div class=\"elementor-element elementor-element-b4d1197 e-flex e-con-boxed e-con e-parent\" data-id=\"b4d1197\" data-element_type=\"container\" data-e-type=\"container\" data-settings=\"{&quot;background_background&quot;:&quot;classic&quot;}\">\n\t\t\t\t\t<div class=\"e-con-inner\">\n\t\t\t\t\t<\/div>\n\t\t\t\t<\/div>\n\t\t<div class=\"elementor-element elementor-element-fd7465d e-flex e-con-boxed e-con e-parent\" data-id=\"fd7465d\" data-element_type=\"container\" data-e-type=\"container\">\n\t\t\t\t\t<div class=\"e-con-inner\">\n\t\t<div class=\"elementor-element elementor-element-e487ef7 e-con-full e-flex e-con e-child\" data-id=\"e487ef7\" data-element_type=\"container\" data-e-type=\"container\">\n\t\t\t\t<\/div>\n\t\t<div class=\"elementor-element elementor-element-b75d715 e-con-full e-flex e-con e-child\" data-id=\"b75d715\" data-element_type=\"container\" data-e-type=\"container\">\n\t\t\t\t<div class=\"elementor-element elementor-element-3f1586d elementor-widget elementor-widget-text-editor\" data-id=\"3f1586d\" data-element_type=\"widget\" data-e-type=\"widget\" data-widget_type=\"text-editor.default\">\n\t\t\t\t<div class=\"elementor-widget-container\">\n\t\t\t\t\t\t\t\t\t<p>\u00dcber Uns<\/p>\t\t\t\t\t\t\t\t<\/div>\n\t\t\t\t<\/div>\n\t\t\t\t<\/div>\n\t\t\t\t\t<\/div>\n\t\t\t\t<\/div>\n\t\t<div class=\"elementor-element elementor-element-ce7a3b4 e-flex e-con-boxed e-con e-parent\" data-id=\"ce7a3b4\" data-element_type=\"container\" data-e-type=\"container\">\n\t\t\t\t\t<div class=\"e-con-inner\">\n\t\t\t\t<div class=\"elementor-element elementor-element-34707a2 elementor-nav-menu__align-center elementor-nav-menu--dropdown-none elementor-widget elementor-widget-nav-menu\" data-id=\"34707a2\" data-element_type=\"widget\" data-e-type=\"widget\" data-settings=\"{&quot;layout&quot;:&quot;horizontal&quot;,&quot;submenu_icon&quot;:{&quot;value&quot;:&quot;&lt;svg class=\\&quot;e-font-icon-svg e-fas-caret-down\\&quot; viewBox=\\&quot;0 0 320 512\\&quot; xmlns=\\&quot;http:\\\/\\\/www.w3.org\\\/2000\\\/svg\\&quot;&gt;&lt;path d=\\&quot;M31.3 192h257.3c17.8 0 26.7 21.5 14.1 34.1L174.1 354.8c-7.8 7.8-20.5 7.8-28.3 0L17.2 226.1C4.6 213.5 13.5 192 31.3 192z\\&quot;&gt;&lt;\\\/path&gt;&lt;\\\/svg&gt;&quot;,&quot;library&quot;:&quot;fa-solid&quot;}}\" data-widget_type=\"nav-menu.default\">\n\t\t\t\t<div class=\"elementor-widget-container\">\n\t\t\t\t\t\t\t\t<nav aria-label=\"Menu\" class=\"elementor-nav-menu--main elementor-nav-menu__container elementor-nav-menu--layout-horizontal e--pointer-underline e--animation-fade\">\n\t\t\t\t<ul id=\"menu-1-34707a2\" class=\"elementor-nav-menu\"><li class=\"menu-item menu-item-type-post_type menu-item-object-page menu-item-1790\"><a href=\"https:\/\/stressnostress.ch\/index.php\/home-2\/\" class=\"elementor-item\">Home<\/a><\/li>\n<li class=\"menu-item menu-item-type-post_type menu-item-object-page menu-item-1733\"><a href=\"https:\/\/stressnostress.ch\/index.php\/ich-und-stress\/\" class=\"elementor-item\">Stress-Check (Single)<\/a><\/li>\n<li class=\"menu-item menu-item-type-post_type menu-item-object-page menu-item-1734\"><a href=\"https:\/\/stressnostress.ch\/index.php\/unternehmen-und-stress\/\" class=\"elementor-item\">Stress-Check (Team)<\/a><\/li>\n<li class=\"menu-item menu-item-type-post_type menu-item-object-page menu-item-1735\"><a href=\"https:\/\/stressnostress.ch\/index.php\/wissen\/\" class=\"elementor-item\">Wissen<\/a><\/li>\n<li class=\"menu-item menu-item-type-post_type menu-item-object-page menu-item-1736\"><a href=\"https:\/\/stressnostress.ch\/index.php\/tools-und-coaching\/\" class=\"elementor-item\">Tools und Coaching<\/a><\/li>\n<li class=\"menu-item menu-item-type-post_type menu-item-object-page menu-item-1737\"><a href=\"https:\/\/stressnostress.ch\/index.php\/beratende-finden\/\" class=\"elementor-item\">Beratende finden<\/a><\/li>\n<li class=\"menu-item menu-item-type-post_type menu-item-object-page menu-item-1738\"><a href=\"https:\/\/stressnostress.ch\/index.php\/uber-uns\/\" class=\"elementor-item\">\u00dcber uns<\/a><\/li>\n<\/ul>\t\t\t<\/nav>\n\t\t\t\t\t\t<nav class=\"elementor-nav-menu--dropdown elementor-nav-menu__container\" aria-hidden=\"true\">\n\t\t\t\t<ul id=\"menu-2-34707a2\" class=\"elementor-nav-menu\"><li class=\"menu-item menu-item-type-post_type menu-item-object-page menu-item-1790\"><a href=\"https:\/\/stressnostress.ch\/index.php\/home-2\/\" class=\"elementor-item\" tabindex=\"-1\">Home<\/a><\/li>\n<li class=\"menu-item menu-item-type-post_type menu-item-object-page menu-item-1733\"><a href=\"https:\/\/stressnostress.ch\/index.php\/ich-und-stress\/\" class=\"elementor-item\" tabindex=\"-1\">Stress-Check (Single)<\/a><\/li>\n<li class=\"menu-item menu-item-type-post_type menu-item-object-page menu-item-1734\"><a href=\"https:\/\/stressnostress.ch\/index.php\/unternehmen-und-stress\/\" class=\"elementor-item\" tabindex=\"-1\">Stress-Check (Team)<\/a><\/li>\n<li class=\"menu-item menu-item-type-post_type menu-item-object-page menu-item-1735\"><a href=\"https:\/\/stressnostress.ch\/index.php\/wissen\/\" class=\"elementor-item\" tabindex=\"-1\">Wissen<\/a><\/li>\n<li class=\"menu-item menu-item-type-post_type menu-item-object-page menu-item-1736\"><a href=\"https:\/\/stressnostress.ch\/index.php\/tools-und-coaching\/\" class=\"elementor-item\" tabindex=\"-1\">Tools und Coaching<\/a><\/li>\n<li class=\"menu-item menu-item-type-post_type menu-item-object-page menu-item-1737\"><a href=\"https:\/\/stressnostress.ch\/index.php\/beratende-finden\/\" class=\"elementor-item\" tabindex=\"-1\">Beratende finden<\/a><\/li>\n<li class=\"menu-item menu-item-type-post_type menu-item-object-page menu-item-1738\"><a href=\"https:\/\/stressnostress.ch\/index.php\/uber-uns\/\" class=\"elementor-item\" tabindex=\"-1\">\u00dcber uns<\/a><\/li>\n<\/ul>\t\t\t<\/nav>\n\t\t\t\t\t\t<\/div>\n\t\t\t\t<\/div>\n\t\t\t\t\t<\/div>\n\t\t\t\t<\/div>\n\t\t<div class=\"elementor-element elementor-element-115463e e-flex e-con-boxed e-con e-parent\" data-id=\"115463e\" data-element_type=\"container\" data-e-type=\"container\">\n\t\t\t\t\t<div class=\"e-con-inner\">\n\t\t<div class=\"elementor-element elementor-element-4746313 e-con-full e-flex e-con e-child\" data-id=\"4746313\" data-element_type=\"container\" data-e-type=\"container\">\n\t\t\t\t<div class=\"elementor-element elementor-element-f127759 elementor-widget elementor-widget-heading\" data-id=\"f127759\" data-element_type=\"widget\" data-e-type=\"widget\" data-widget_type=\"heading.default\">\n\t\t\t\t<div class=\"elementor-widget-container\">\n\t\t\t\t\t<h2 class=\"elementor-heading-title elementor-size-default\">Wer steckt hinter stressnostress? <\/h2>\t\t\t\t<\/div>\n\t\t\t\t<\/div>\n\t\t<div class=\"elementor-element elementor-element-98f9bc5 e-con-full e-flex e-con e-child\" data-id=\"98f9bc5\" data-element_type=\"container\" data-e-type=\"container\">\n\t\t<div class=\"elementor-element elementor-element-854b9fd e-con-full e-flex e-con e-child\" data-id=\"854b9fd\" data-element_type=\"container\" data-e-type=\"container\">\n\t\t\t\t<div class=\"elementor-element elementor-element-a542f6c elementor-widget__width-initial elementor-widget-mobile__width-inherit elementor-widget elementor-widget-text-editor\" data-id=\"a542f6c\" data-element_type=\"widget\" data-e-type=\"widget\" data-widget_type=\"text-editor.default\">\n\t\t\t\t<div class=\"elementor-widget-container\">\n\t\t\t\t\t\t\t\t\t<p>stressnostress ist ein Onlineportal mit dem Zweck, Unternehmen, Mitarbeitende aber auch Einzelne auf die Risiken von Stress in Beruf und Privatleben aufmerksam zu machen und konkrete Hilfestellung zur Stressreduktion anzubieten.<\/p><p>\u00a0<\/p><p>stressnostress wurde im Jahr 2004 als Verein gegr\u00fcndet und im Jahr 2021 durch die F\u00f6deration der Schweizer Psychologinnen und Psychologen (FSP) \u00fcbernommen. Ende 2024 erfolgte eine erneute \u00dcbernahme des Portals durch die Nantys AG, welche bestrebt ist, den Leitgedanken von stressnostress aufrechtzuerhalten und Informationen und Hilfestellungen weiterhin f\u00fcr die Bev\u00f6lkerung zug\u00e4nglich zu machen. Durch die statistische \u00dcberpr\u00fcfung und Weiterentwicklung des Stress-Checks wollen wir die Qualit\u00e4t unserer Dienstleistung hochhalten und das Angebot von stressnostress kontinuierlich ausbauen.<\/p>\t\t\t\t\t\t\t\t<\/div>\n\t\t\t\t<\/div>\n\t\t\t\t<\/div>\n\t\t\t\t<\/div>\n\t\t\t\t<\/div>\n\t\t<div class=\"elementor-element elementor-element-a3b0e0d e-con-full e-flex e-con e-child\" data-id=\"a3b0e0d\" data-element_type=\"container\" data-e-type=\"container\">\n\t\t\t\t<div class=\"elementor-element elementor-element-4a09c1e elementor-widget elementor-widget-heading\" data-id=\"4a09c1e\" data-element_type=\"widget\" data-e-type=\"widget\" data-widget_type=\"heading.default\">\n\t\t\t\t<div class=\"elementor-widget-container\">\n\t\t\t\t\t<h2 class=\"elementor-heading-title elementor-size-default\">Beraterin oder Berater werden?<\/h2>\t\t\t\t<\/div>\n\t\t\t\t<\/div>\n\t\t\t\t<div class=\"elementor-element elementor-element-0e282b8 elementor-widget__width-initial elementor-widget-mobile__width-inherit elementor-widget elementor-widget-text-editor\" data-id=\"0e282b8\" data-element_type=\"widget\" data-e-type=\"widget\" data-widget_type=\"text-editor.default\">\n\t\t\t\t<div class=\"elementor-widget-container\">\n\t\t\t\t\t\t\t\t\t<p>Sie sind in der Stress-Beratung t\u00e4tig und interessiert, auf der Webseite stressnostress.ch als Beraterin oder Berater eingetragen zu werden? Wir freuen uns auf Ihre Kontaktaufnahme.<\/p>\t\t\t\t\t\t\t\t<\/div>\n\t\t\t\t<\/div>\n\t\t\t\t<div class=\"elementor-element elementor-element-103239e elementor-widget elementor-widget-button\" data-id=\"103239e\" data-element_type=\"widget\" data-e-type=\"widget\" data-widget_type=\"button.default\">\n\t\t\t\t<div class=\"elementor-widget-container\">\n\t\t\t\t\t\t\t\t\t<div class=\"elementor-button-wrapper\">\n\t\t\t\t\t<a class=\"elementor-button elementor-button-link elementor-size-sm\" href=\"mailto:info@stressnostress.ch\">\n\t\t\t\t\t\t<span class=\"elementor-button-content-wrapper\">\n\t\t\t\t\t\t\t\t\t<span class=\"elementor-button-text\">KONTAKT<\/span>\n\t\t\t\t\t<\/span>\n\t\t\t\t\t<\/a>\n\t\t\t\t<\/div>\n\t\t\t\t\t\t\t\t<\/div>\n\t\t\t\t<\/div>\n\t\t\t\t<\/div>\n\t\t\t\t\t<\/div>\n\t\t\t\t<\/div>\n\t\t\t\t<\/div>\n\t\t","protected":false},"excerpt":{"rendered":"<p>\u00dcber Uns Wer steckt hinter stressnostress? stressnostress ist ein Onlineportal mit dem Zweck, Unternehmen, Mitarbeitende aber auch Einzelne auf die Risiken von Stress in Beruf und Privatleben aufmerksam zu machen und konkrete Hilfestellung zur Stressreduktion anzubieten. \u00a0 stressnostress wurde im Jahr 2004 als Verein gegr\u00fcndet und im Jahr 2021 durch die F\u00f6deration der Schweizer Psychologinnen [&hellip;]<\/p>\n","protected":false},"author":1,"featured_media":0,"parent":0,"menu_order":0,"comment_status":"closed","ping_status":"closed","template":"","meta":{"footnotes":""},"class_list":["post-544","page","type-page","status-publish","hentry"],"yoast_head":"<!-- This site is optimized with the Yoast SEO plugin v27.5 - https:\/\/yoast.com\/product\/yoast-seo-wordpress\/ -->\n<title>\u00dcber uns - stressnostress<\/title>\n<meta name=\"robots\" content=\"index, follow, max-snippet:-1, max-image-preview:large, max-video-preview:-1\" \/>\n<link rel=\"canonical\" href=\"https:\/\/stressnostress.ch\/index.php\/uber-uns\/\" \/>\n<meta property=\"og:locale\" content=\"en_US\" \/>\n<meta property=\"og:type\" content=\"article\" \/>\n<meta property=\"og:title\" content=\"\u00dcber uns - stressnostress\" \/>\n<meta property=\"og:description\" content=\"\u00dcber Uns Wer steckt hinter stressnostress? stressnostress ist ein Onlineportal mit dem Zweck, Unternehmen, Mitarbeitende aber auch Einzelne auf die Risiken von Stress in Beruf und Privatleben aufmerksam zu machen und konkrete Hilfestellung zur Stressreduktion anzubieten. \u00a0 stressnostress wurde im Jahr 2004 als Verein gegr\u00fcndet und im Jahr 2021 durch die F\u00f6deration der Schweizer Psychologinnen [&hellip;]\" \/>\n<meta property=\"og:url\" content=\"https:\/\/stressnostress.ch\/index.php\/uber-uns\/\" \/>\n<meta property=\"og:site_name\" content=\"stressnostress\" \/>\n<meta property=\"article:modified_time\" content=\"2025-03-09T21:01:12+00:00\" \/>\n<meta property=\"og:image\" content=\"https:\/\/stressnostress.ch\/wp-content\/uploads\/2025\/03\/stressnostress_opengraph2.jpg\" \/>\n\t<meta property=\"og:image:width\" content=\"1200\" \/>\n\t<meta property=\"og:image:height\" content=\"627\" \/>\n\t<meta property=\"og:image:type\" content=\"image\/jpeg\" \/>\n<meta name=\"twitter:card\" content=\"summary_large_image\" \/>\n<meta name=\"twitter:label1\" content=\"Est. reading time\" \/>\n\t<meta name=\"twitter:data1\" content=\"1 minute\" \/>\n<script type=\"application\/ld+json\" class=\"yoast-schema-graph\">{\"@context\":\"https:\\\/\\\/schema.org\",\"@graph\":[{\"@type\":\"WebPage\",\"@id\":\"https:\\\/\\\/stressnostress.ch\\\/index.php\\\/uber-uns\\\/\",\"url\":\"https:\\\/\\\/stressnostress.ch\\\/index.php\\\/uber-uns\\\/\",\"name\":\"\u00dcber uns - stressnostress\",\"isPartOf\":{\"@id\":\"https:\\\/\\\/stressnostress.ch\\\/#website\"},\"datePublished\":\"2025-03-03T20:25:12+00:00\",\"dateModified\":\"2025-03-09T21:01:12+00:00\",\"breadcrumb\":{\"@id\":\"https:\\\/\\\/stressnostress.ch\\\/index.php\\\/uber-uns\\\/#breadcrumb\"},\"inLanguage\":\"en-US\",\"potentialAction\":[{\"@type\":\"ReadAction\",\"target\":[\"https:\\\/\\\/stressnostress.ch\\\/index.php\\\/uber-uns\\\/\"]}]},{\"@type\":\"BreadcrumbList\",\"@id\":\"https:\\\/\\\/stressnostress.ch\\\/index.php\\\/uber-uns\\\/#breadcrumb\",\"itemListElement\":[{\"@type\":\"ListItem\",\"position\":1,\"name\":\"Home\",\"item\":\"https:\\\/\\\/stressnostress.ch\\\/\"},{\"@type\":\"ListItem\",\"position\":2,\"name\":\"\u00dcber uns\"}]},{\"@type\":\"WebSite\",\"@id\":\"https:\\\/\\\/stressnostress.ch\\\/#website\",\"url\":\"https:\\\/\\\/stressnostress.ch\\\/\",\"name\":\"stressnostress\",\"description\":\"Stress, Stressabbau und Stresspr\u00e4vention,\",\"publisher\":{\"@id\":\"https:\\\/\\\/stressnostress.ch\\\/#organization\"},\"potentialAction\":[{\"@type\":\"SearchAction\",\"target\":{\"@type\":\"EntryPoint\",\"urlTemplate\":\"https:\\\/\\\/stressnostress.ch\\\/?s={search_term_string}\"},\"query-input\":{\"@type\":\"PropertyValueSpecification\",\"valueRequired\":true,\"valueName\":\"search_term_string\"}}],\"inLanguage\":\"en-US\"},{\"@type\":\"Organization\",\"@id\":\"https:\\\/\\\/stressnostress.ch\\\/#organization\",\"name\":\"stressnostress\",\"url\":\"https:\\\/\\\/stressnostress.ch\\\/\",\"logo\":{\"@type\":\"ImageObject\",\"inLanguage\":\"en-US\",\"@id\":\"https:\\\/\\\/stressnostress.ch\\\/#\\\/schema\\\/logo\\\/image\\\/\",\"url\":\"https:\\\/\\\/stressnostress.ch\\\/wp-content\\\/uploads\\\/2025\\\/01\\\/logo_color_circle.svg\",\"contentUrl\":\"https:\\\/\\\/stressnostress.ch\\\/wp-content\\\/uploads\\\/2025\\\/01\\\/logo_color_circle.svg\",\"width\":208,\"height\":208,\"caption\":\"stressnostress\"},\"image\":{\"@id\":\"https:\\\/\\\/stressnostress.ch\\\/#\\\/schema\\\/logo\\\/image\\\/\"}}]}<\/script>\n<!-- \/ Yoast SEO plugin. -->","yoast_head_json":{"title":"\u00dcber uns - stressnostress","robots":{"index":"index","follow":"follow","max-snippet":"max-snippet:-1","max-image-preview":"max-image-preview:large","max-video-preview":"max-video-preview:-1"},"canonical":"https:\/\/stressnostress.ch\/index.php\/uber-uns\/","og_locale":"en_US","og_type":"article","og_title":"\u00dcber uns - stressnostress","og_description":"\u00dcber Uns Wer steckt hinter stressnostress? stressnostress ist ein Onlineportal mit dem Zweck, Unternehmen, Mitarbeitende aber auch Einzelne auf die Risiken von Stress in Beruf und Privatleben aufmerksam zu machen und konkrete Hilfestellung zur Stressreduktion anzubieten. \u00a0 stressnostress wurde im Jahr 2004 als Verein gegr\u00fcndet und im Jahr 2021 durch die F\u00f6deration der Schweizer Psychologinnen [&hellip;]","og_url":"https:\/\/stressnostress.ch\/index.php\/uber-uns\/","og_site_name":"stressnostress","article_modified_time":"2025-03-09T21:01:12+00:00","og_image":[{"width":1200,"height":627,"url":"https:\/\/stressnostress.ch\/wp-content\/uploads\/2025\/03\/stressnostress_opengraph2.jpg","type":"image\/jpeg"}],"twitter_card":"summary_large_image","twitter_misc":{"Est. reading time":"1 minute"},"schema":{"@context":"https:\/\/schema.org","@graph":[{"@type":"WebPage","@id":"https:\/\/stressnostress.ch\/index.php\/uber-uns\/","url":"https:\/\/stressnostress.ch\/index.php\/uber-uns\/","name":"\u00dcber uns - stressnostress","isPartOf":{"@id":"https:\/\/stressnostress.ch\/#website"},"datePublished":"2025-03-03T20:25:12+00:00","dateModified":"2025-03-09T21:01:12+00:00","breadcrumb":{"@id":"https:\/\/stressnostress.ch\/index.php\/uber-uns\/#breadcrumb"},"inLanguage":"en-US","potentialAction":[{"@type":"ReadAction","target":["https:\/\/stressnostress.ch\/index.php\/uber-uns\/"]}]},{"@type":"BreadcrumbList","@id":"https:\/\/stressnostress.ch\/index.php\/uber-uns\/#breadcrumb","itemListElement":[{"@type":"ListItem","position":1,"name":"Home","item":"https:\/\/stressnostress.ch\/"},{"@type":"ListItem","position":2,"name":"\u00dcber uns"}]},{"@type":"WebSite","@id":"https:\/\/stressnostress.ch\/#website","url":"https:\/\/stressnostress.ch\/","name":"stressnostress","description":"Stress, Stressabbau und Stresspr\u00e4vention,","publisher":{"@id":"https:\/\/stressnostress.ch\/#organization"},"potentialAction":[{"@type":"SearchAction","target":{"@type":"EntryPoint","urlTemplate":"https:\/\/stressnostress.ch\/?s={search_term_string}"},"query-input":{"@type":"PropertyValueSpecification","valueRequired":true,"valueName":"search_term_string"}}],"inLanguage":"en-US"},{"@type":"Organization","@id":"https:\/\/stressnostress.ch\/#organization","name":"stressnostress","url":"https:\/\/stressnostress.ch\/","logo":{"@type":"ImageObject","inLanguage":"en-US","@id":"https:\/\/stressnostress.ch\/#\/schema\/logo\/image\/","url":"https:\/\/stressnostress.ch\/wp-content\/uploads\/2025\/01\/logo_color_circle.svg","contentUrl":"https:\/\/stressnostress.ch\/wp-content\/uploads\/2025\/01\/logo_color_circle.svg","width":208,"height":208,"caption":"stressnostress"},"image":{"@id":"https:\/\/stressnostress.ch\/#\/schema\/logo\/image\/"}}]}},"_links":{"self":[{"href":"https:\/\/stressnostress.ch\/index.php\/wp-json\/wp\/v2\/pages\/544","targetHints":{"allow":["GET"]}}],"collection":[{"href":"https:\/\/stressnostress.ch\/index.php\/wp-json\/wp\/v2\/pages"}],"about":[{"href":"https:\/\/stressnostress.ch\/index.php\/wp-json\/wp\/v2\/types\/page"}],"author":[{"embeddable":true,"href":"https:\/\/stressnostress.ch\/index.php\/wp-json\/wp\/v2\/users\/1"}],"replies":[{"embeddable":true,"href":"https:\/\/stressnostress.ch\/index.php\/wp-json\/wp\/v2\/comments?post=544"}],"version-history":[{"count":31,"href":"https:\/\/stressnostress.ch\/index.php\/wp-json\/wp\/v2\/pages\/544\/revisions"}],"predecessor-version":[{"id":1894,"href":"https:\/\/stressnostress.ch\/index.php\/wp-json\/wp\/v2\/pages\/544\/revisions\/1894"}],"wp:attachment":[{"href":"https:\/\/stressnostress.ch\/index.php\/wp-json\/wp\/v2\/media?parent=544"}],"curies":[{"name":"wp","href":"https:\/\/api.w.org\/{rel}","templated":true}]}}