{"id":2219,"date":"2025-03-19T21:41:47","date_gmt":"2025-03-19T21:41:47","guid":{"rendered":"https:\/\/stressnostress.ch\/?page_id=2219"},"modified":"2025-03-19T23:43:29","modified_gmt":"2025-03-19T23:43:29","slug":"uber-uns-fr","status":"publish","type":"page","link":"https:\/\/stressnostress.ch\/index.php\/uber-uns-fr\/","title":{"rendered":"\u00dcber uns-fr"},"content":{"rendered":"\t\t<div data-elementor-type=\"wp-page\" data-elementor-id=\"2219\" class=\"elementor elementor-2219\" data-elementor-post-type=\"page\">\n\t\t\t\t<div class=\"elementor-element elementor-element-b4d1197 e-flex e-con-boxed e-con e-parent\" data-id=\"b4d1197\" data-element_type=\"container\" data-e-type=\"container\" data-settings=\"{&quot;background_background&quot;:&quot;classic&quot;}\">\n\t\t\t\t\t<div class=\"e-con-inner\">\n\t\t\t\t\t<\/div>\n\t\t\t\t<\/div>\n\t\t<div class=\"elementor-element elementor-element-fd7465d e-flex e-con-boxed e-con e-parent\" data-id=\"fd7465d\" data-element_type=\"container\" data-e-type=\"container\">\n\t\t\t\t\t<div class=\"e-con-inner\">\n\t\t<div class=\"elementor-element elementor-element-e487ef7 e-con-full e-flex e-con e-child\" data-id=\"e487ef7\" data-element_type=\"container\" data-e-type=\"container\">\n\t\t\t\t<\/div>\n\t\t<div class=\"elementor-element elementor-element-b75d715 e-con-full e-flex e-con e-child\" data-id=\"b75d715\" data-element_type=\"container\" data-e-type=\"container\">\n\t\t\t\t<div class=\"elementor-element elementor-element-3f1586d elementor-widget elementor-widget-text-editor\" data-id=\"3f1586d\" data-element_type=\"widget\" data-e-type=\"widget\" data-widget_type=\"text-editor.default\">\n\t\t\t\t<div class=\"elementor-widget-container\">\n\t\t\t\t\t\t\t\t\t<p>A propos<\/p>\t\t\t\t\t\t\t\t<\/div>\n\t\t\t\t<\/div>\n\t\t\t\t<\/div>\n\t\t\t\t\t<\/div>\n\t\t\t\t<\/div>\n\t\t<div class=\"elementor-element elementor-element-ce7a3b4 e-flex e-con-boxed e-con e-parent\" data-id=\"ce7a3b4\" data-element_type=\"container\" data-e-type=\"container\">\n\t\t\t\t\t<div class=\"e-con-inner\">\n\t\t\t\t<div class=\"elementor-element elementor-element-34707a2 elementor-nav-menu__align-center elementor-nav-menu--dropdown-none elementor-widget elementor-widget-nav-menu\" data-id=\"34707a2\" data-element_type=\"widget\" data-e-type=\"widget\" data-settings=\"{&quot;layout&quot;:&quot;horizontal&quot;,&quot;submenu_icon&quot;:{&quot;value&quot;:&quot;&lt;svg class=\\&quot;e-font-icon-svg e-fas-caret-down\\&quot; viewBox=\\&quot;0 0 320 512\\&quot; xmlns=\\&quot;http:\\\/\\\/www.w3.org\\\/2000\\\/svg\\&quot;&gt;&lt;path d=\\&quot;M31.3 192h257.3c17.8 0 26.7 21.5 14.1 34.1L174.1 354.8c-7.8 7.8-20.5 7.8-28.3 0L17.2 226.1C4.6 213.5 13.5 192 31.3 192z\\&quot;&gt;&lt;\\\/path&gt;&lt;\\\/svg&gt;&quot;,&quot;library&quot;:&quot;fa-solid&quot;}}\" data-widget_type=\"nav-menu.default\">\n\t\t\t\t<div class=\"elementor-widget-container\">\n\t\t\t\t\t\t\t\t<nav aria-label=\"Menu\" class=\"elementor-nav-menu--main elementor-nav-menu__container elementor-nav-menu--layout-horizontal e--pointer-underline e--animation-fade\">\n\t\t\t\t<ul id=\"menu-1-34707a2\" class=\"elementor-nav-menu\"><li class=\"menu-item menu-item-type-post_type menu-item-object-page menu-item-2261\"><a href=\"https:\/\/stressnostress.ch\/index.php\/home-2\/\" class=\"elementor-item\">Home<\/a><\/li>\n<li class=\"menu-item menu-item-type-post_type menu-item-object-page menu-item-2262\"><a href=\"https:\/\/stressnostress.ch\/index.php\/stress-moi\/\" class=\"elementor-item\">Stress-Check (Single)<\/a><\/li>\n<li class=\"menu-item menu-item-type-post_type menu-item-object-page menu-item-2263\"><a href=\"https:\/\/stressnostress.ch\/index.php\/unternehmen-und-stress-fr\/\" class=\"elementor-item\">Stress-Check (Team)<\/a><\/li>\n<li class=\"menu-item menu-item-type-post_type menu-item-object-page menu-item-2264\"><a href=\"https:\/\/stressnostress.ch\/index.php\/wissen-fr\/\" class=\"elementor-item\">Connaissances<\/a><\/li>\n<li class=\"menu-item menu-item-type-post_type menu-item-object-page menu-item-2265\"><a href=\"https:\/\/stressnostress.ch\/index.php\/tools-und-coaching-fr\/\" class=\"elementor-item\">Outils &#038; Coaching<\/a><\/li>\n<li class=\"menu-item menu-item-type-post_type menu-item-object-page menu-item-2266\"><a href=\"https:\/\/stressnostress.ch\/index.php\/beratende-finden-fr\/\" class=\"elementor-item\">Liste d&#8217;experts<\/a><\/li>\n<li class=\"menu-item menu-item-type-post_type menu-item-object-page menu-item-2267\"><a href=\"https:\/\/stressnostress.ch\/index.php\/uber-uns-fr\/\" class=\"elementor-item\">A propos<\/a><\/li>\n<\/ul>\t\t\t<\/nav>\n\t\t\t\t\t\t<nav class=\"elementor-nav-menu--dropdown elementor-nav-menu__container\" aria-hidden=\"true\">\n\t\t\t\t<ul id=\"menu-2-34707a2\" class=\"elementor-nav-menu\"><li class=\"menu-item menu-item-type-post_type menu-item-object-page menu-item-2261\"><a href=\"https:\/\/stressnostress.ch\/index.php\/home-2\/\" class=\"elementor-item\" tabindex=\"-1\">Home<\/a><\/li>\n<li class=\"menu-item menu-item-type-post_type menu-item-object-page menu-item-2262\"><a href=\"https:\/\/stressnostress.ch\/index.php\/stress-moi\/\" class=\"elementor-item\" tabindex=\"-1\">Stress-Check (Single)<\/a><\/li>\n<li class=\"menu-item menu-item-type-post_type menu-item-object-page menu-item-2263\"><a href=\"https:\/\/stressnostress.ch\/index.php\/unternehmen-und-stress-fr\/\" class=\"elementor-item\" tabindex=\"-1\">Stress-Check (Team)<\/a><\/li>\n<li class=\"menu-item menu-item-type-post_type menu-item-object-page menu-item-2264\"><a href=\"https:\/\/stressnostress.ch\/index.php\/wissen-fr\/\" class=\"elementor-item\" tabindex=\"-1\">Connaissances<\/a><\/li>\n<li class=\"menu-item menu-item-type-post_type menu-item-object-page menu-item-2265\"><a href=\"https:\/\/stressnostress.ch\/index.php\/tools-und-coaching-fr\/\" class=\"elementor-item\" tabindex=\"-1\">Outils &#038; Coaching<\/a><\/li>\n<li class=\"menu-item menu-item-type-post_type menu-item-object-page menu-item-2266\"><a href=\"https:\/\/stressnostress.ch\/index.php\/beratende-finden-fr\/\" class=\"elementor-item\" tabindex=\"-1\">Liste d&#8217;experts<\/a><\/li>\n<li class=\"menu-item menu-item-type-post_type menu-item-object-page menu-item-2267\"><a href=\"https:\/\/stressnostress.ch\/index.php\/uber-uns-fr\/\" class=\"elementor-item\" tabindex=\"-1\">A propos<\/a><\/li>\n<\/ul>\t\t\t<\/nav>\n\t\t\t\t\t\t<\/div>\n\t\t\t\t<\/div>\n\t\t\t\t\t<\/div>\n\t\t\t\t<\/div>\n\t\t<div class=\"elementor-element elementor-element-115463e e-flex e-con-boxed e-con e-parent\" data-id=\"115463e\" data-element_type=\"container\" data-e-type=\"container\">\n\t\t\t\t\t<div class=\"e-con-inner\">\n\t\t<div class=\"elementor-element elementor-element-4746313 e-con-full e-flex e-con e-child\" data-id=\"4746313\" data-element_type=\"container\" data-e-type=\"container\">\n\t\t\t\t<div class=\"elementor-element elementor-element-f127759 elementor-widget elementor-widget-heading\" data-id=\"f127759\" data-element_type=\"widget\" data-e-type=\"widget\" data-widget_type=\"heading.default\">\n\t\t\t\t<div class=\"elementor-widget-container\">\n\t\t\t\t\t<h2 class=\"elementor-heading-title elementor-size-default\">Qui se cache derri\u00e8re stressnostress ?<\/h2>\t\t\t\t<\/div>\n\t\t\t\t<\/div>\n\t\t<div class=\"elementor-element elementor-element-98f9bc5 e-con-full e-flex e-con e-child\" data-id=\"98f9bc5\" data-element_type=\"container\" data-e-type=\"container\">\n\t\t<div class=\"elementor-element elementor-element-854b9fd e-con-full e-flex e-con e-child\" data-id=\"854b9fd\" data-element_type=\"container\" data-e-type=\"container\">\n\t\t\t\t<div class=\"elementor-element elementor-element-a542f6c elementor-widget__width-initial elementor-widget-mobile__width-inherit elementor-widget elementor-widget-text-editor\" data-id=\"a542f6c\" data-element_type=\"widget\" data-e-type=\"widget\" data-widget_type=\"text-editor.default\">\n\t\t\t\t<div class=\"elementor-widget-container\">\n\t\t\t\t\t\t\t\t\t<p>stressnostress est un portail en ligne qui vise \u00e0 attirer l&#8217;attention sur les risques li\u00e9s au stress dans la vie professionnelle et priv\u00e9e, que ce soit celle des entreprises, des collaboratrices et collaborateurs ou de toute personne concern\u00e9e par la th\u00e9matique, et \u00e0 fournir du soutien concret \u00e0 celles et ceux qui en ont besoin.<br \/><br \/>stressnostress a \u00e9t\u00e9 fond\u00e9 en 2004 en tant qu&#8217;association, puis a \u00e9t\u00e9 repris en 2021 par la F\u00e9d\u00e9ration Suisse des Psychologues (FSP). Fin 2024, une nouvelle reprise du portail a \u00e9t\u00e9 effectu\u00e9e par l\u2019entreprise Nantys SA, qui souhaite garder la ligne directrice de stressnostress et d\u00e9velopper le portail dans la continuit\u00e9. Nous mettons un place une validation r\u00e9guli\u00e8re du stress-check, notamment \u00e0 l\u2019aide de donn\u00e9es statistiques et des mises \u00e0 jour, dans l\u2019objectif de maintenir et optimiser la qualit\u00e9 de nos services.<\/p>\t\t\t\t\t\t\t\t<\/div>\n\t\t\t\t<\/div>\n\t\t\t\t<\/div>\n\t\t\t\t<\/div>\n\t\t\t\t<\/div>\n\t\t<div class=\"elementor-element elementor-element-a3b0e0d e-con-full e-flex e-con e-child\" data-id=\"a3b0e0d\" data-element_type=\"container\" data-e-type=\"container\">\n\t\t\t\t<div class=\"elementor-element elementor-element-4a09c1e elementor-widget elementor-widget-heading\" data-id=\"4a09c1e\" data-element_type=\"widget\" data-e-type=\"widget\" data-widget_type=\"heading.default\">\n\t\t\t\t<div class=\"elementor-widget-container\">\n\t\t\t\t\t<h2 class=\"elementor-heading-title elementor-size-default\">Devenir conseill\u00e8re ou conseiller stressnostress ?<\/h2>\t\t\t\t<\/div>\n\t\t\t\t<\/div>\n\t\t\t\t<div class=\"elementor-element elementor-element-0e282b8 elementor-widget__width-initial elementor-widget-mobile__width-inherit elementor-widget elementor-widget-text-editor\" data-id=\"0e282b8\" data-element_type=\"widget\" data-e-type=\"widget\" data-widget_type=\"text-editor.default\">\n\t\t\t\t<div class=\"elementor-widget-container\">\n\t\t\t\t\t\t\t\t\t<p>Vous travaillez dans le domaine du conseil en mati\u00e8re de stress et vous \u00eates int\u00e9ress\u00e9(e) \u00e0 \u00eatre inscrit(e) comme conseiller(\u00e8re) sur le site stressnostress.ch ? N\u2019h\u00e9sitez pas \u00e0 nous contacter:<\/p>\t\t\t\t\t\t\t\t<\/div>\n\t\t\t\t<\/div>\n\t\t\t\t<div class=\"elementor-element elementor-element-103239e elementor-widget elementor-widget-button\" data-id=\"103239e\" data-element_type=\"widget\" data-e-type=\"widget\" data-widget_type=\"button.default\">\n\t\t\t\t<div class=\"elementor-widget-container\">\n\t\t\t\t\t\t\t\t\t<div class=\"elementor-button-wrapper\">\n\t\t\t\t\t<a class=\"elementor-button elementor-button-link elementor-size-sm\" href=\"mailto:info@stressnostress.ch\">\n\t\t\t\t\t\t<span class=\"elementor-button-content-wrapper\">\n\t\t\t\t\t\t\t\t\t<span class=\"elementor-button-text\">CONTACT<\/span>\n\t\t\t\t\t<\/span>\n\t\t\t\t\t<\/a>\n\t\t\t\t<\/div>\n\t\t\t\t\t\t\t\t<\/div>\n\t\t\t\t<\/div>\n\t\t\t\t<\/div>\n\t\t\t\t\t<\/div>\n\t\t\t\t<\/div>\n\t\t\t\t<\/div>\n\t\t","protected":false},"excerpt":{"rendered":"<p>A propos Qui se cache derri\u00e8re stressnostress ? stressnostress est un portail en ligne qui vise \u00e0 attirer l&#8217;attention sur les risques li\u00e9s au stress dans la vie professionnelle et priv\u00e9e, que ce soit celle des entreprises, des collaboratrices et collaborateurs ou de toute personne concern\u00e9e par la th\u00e9matique, et \u00e0 fournir du soutien concret [&hellip;]<\/p>\n","protected":false},"author":1,"featured_media":0,"parent":0,"menu_order":0,"comment_status":"closed","ping_status":"closed","template":"","meta":{"footnotes":""},"class_list":["post-2219","page","type-page","status-publish","hentry"],"yoast_head":"<!-- This site is optimized with the Yoast SEO plugin v27.5 - https:\/\/yoast.com\/product\/yoast-seo-wordpress\/ -->\n<title>\u00dcber uns-fr - stressnostress<\/title>\n<meta name=\"robots\" content=\"index, follow, max-snippet:-1, max-image-preview:large, max-video-preview:-1\" \/>\n<link rel=\"canonical\" href=\"https:\/\/stressnostress.ch\/index.php\/uber-uns-fr\/\" \/>\n<meta property=\"og:locale\" content=\"en_US\" \/>\n<meta property=\"og:type\" content=\"article\" \/>\n<meta property=\"og:title\" content=\"\u00dcber uns-fr - stressnostress\" \/>\n<meta property=\"og:description\" content=\"A propos Qui se cache derri\u00e8re stressnostress ? stressnostress est un portail en ligne qui vise \u00e0 attirer l&#8217;attention sur les risques li\u00e9s au stress dans la vie professionnelle et priv\u00e9e, que ce soit celle des entreprises, des collaboratrices et collaborateurs ou de toute personne concern\u00e9e par la th\u00e9matique, et \u00e0 fournir du soutien concret [&hellip;]\" \/>\n<meta property=\"og:url\" content=\"https:\/\/stressnostress.ch\/index.php\/uber-uns-fr\/\" \/>\n<meta property=\"og:site_name\" content=\"stressnostress\" \/>\n<meta property=\"article:modified_time\" content=\"2025-03-19T23:43:29+00:00\" \/>\n<meta property=\"og:image\" content=\"https:\/\/stressnostress.ch\/wp-content\/uploads\/2025\/03\/stressnostress_opengraph2.jpg\" \/>\n\t<meta property=\"og:image:width\" content=\"1200\" \/>\n\t<meta property=\"og:image:height\" content=\"627\" \/>\n\t<meta property=\"og:image:type\" content=\"image\/jpeg\" \/>\n<meta name=\"twitter:card\" content=\"summary_large_image\" \/>\n<meta name=\"twitter:label1\" content=\"Est. reading time\" \/>\n\t<meta name=\"twitter:data1\" content=\"1 minute\" \/>\n<script type=\"application\/ld+json\" class=\"yoast-schema-graph\">{\"@context\":\"https:\\\/\\\/schema.org\",\"@graph\":[{\"@type\":\"WebPage\",\"@id\":\"https:\\\/\\\/stressnostress.ch\\\/index.php\\\/uber-uns-fr\\\/\",\"url\":\"https:\\\/\\\/stressnostress.ch\\\/index.php\\\/uber-uns-fr\\\/\",\"name\":\"\u00dcber uns-fr - stressnostress\",\"isPartOf\":{\"@id\":\"https:\\\/\\\/stressnostress.ch\\\/#website\"},\"datePublished\":\"2025-03-19T21:41:47+00:00\",\"dateModified\":\"2025-03-19T23:43:29+00:00\",\"breadcrumb\":{\"@id\":\"https:\\\/\\\/stressnostress.ch\\\/index.php\\\/uber-uns-fr\\\/#breadcrumb\"},\"inLanguage\":\"en-US\",\"potentialAction\":[{\"@type\":\"ReadAction\",\"target\":[\"https:\\\/\\\/stressnostress.ch\\\/index.php\\\/uber-uns-fr\\\/\"]}]},{\"@type\":\"BreadcrumbList\",\"@id\":\"https:\\\/\\\/stressnostress.ch\\\/index.php\\\/uber-uns-fr\\\/#breadcrumb\",\"itemListElement\":[{\"@type\":\"ListItem\",\"position\":1,\"name\":\"Home\",\"item\":\"https:\\\/\\\/stressnostress.ch\\\/\"},{\"@type\":\"ListItem\",\"position\":2,\"name\":\"\u00dcber uns-fr\"}]},{\"@type\":\"WebSite\",\"@id\":\"https:\\\/\\\/stressnostress.ch\\\/#website\",\"url\":\"https:\\\/\\\/stressnostress.ch\\\/\",\"name\":\"stressnostress\",\"description\":\"Stress, Stressabbau und Stresspr\u00e4vention,\",\"publisher\":{\"@id\":\"https:\\\/\\\/stressnostress.ch\\\/#organization\"},\"potentialAction\":[{\"@type\":\"SearchAction\",\"target\":{\"@type\":\"EntryPoint\",\"urlTemplate\":\"https:\\\/\\\/stressnostress.ch\\\/?s={search_term_string}\"},\"query-input\":{\"@type\":\"PropertyValueSpecification\",\"valueRequired\":true,\"valueName\":\"search_term_string\"}}],\"inLanguage\":\"en-US\"},{\"@type\":\"Organization\",\"@id\":\"https:\\\/\\\/stressnostress.ch\\\/#organization\",\"name\":\"stressnostress\",\"url\":\"https:\\\/\\\/stressnostress.ch\\\/\",\"logo\":{\"@type\":\"ImageObject\",\"inLanguage\":\"en-US\",\"@id\":\"https:\\\/\\\/stressnostress.ch\\\/#\\\/schema\\\/logo\\\/image\\\/\",\"url\":\"https:\\\/\\\/stressnostress.ch\\\/wp-content\\\/uploads\\\/2025\\\/01\\\/logo_color_circle.svg\",\"contentUrl\":\"https:\\\/\\\/stressnostress.ch\\\/wp-content\\\/uploads\\\/2025\\\/01\\\/logo_color_circle.svg\",\"width\":208,\"height\":208,\"caption\":\"stressnostress\"},\"image\":{\"@id\":\"https:\\\/\\\/stressnostress.ch\\\/#\\\/schema\\\/logo\\\/image\\\/\"}}]}<\/script>\n<!-- \/ Yoast SEO plugin. -->","yoast_head_json":{"title":"\u00dcber uns-fr - stressnostress","robots":{"index":"index","follow":"follow","max-snippet":"max-snippet:-1","max-image-preview":"max-image-preview:large","max-video-preview":"max-video-preview:-1"},"canonical":"https:\/\/stressnostress.ch\/index.php\/uber-uns-fr\/","og_locale":"en_US","og_type":"article","og_title":"\u00dcber uns-fr - stressnostress","og_description":"A propos Qui se cache derri\u00e8re stressnostress ? stressnostress est un portail en ligne qui vise \u00e0 attirer l&#8217;attention sur les risques li\u00e9s au stress dans la vie professionnelle et priv\u00e9e, que ce soit celle des entreprises, des collaboratrices et collaborateurs ou de toute personne concern\u00e9e par la th\u00e9matique, et \u00e0 fournir du soutien concret [&hellip;]","og_url":"https:\/\/stressnostress.ch\/index.php\/uber-uns-fr\/","og_site_name":"stressnostress","article_modified_time":"2025-03-19T23:43:29+00:00","og_image":[{"width":1200,"height":627,"url":"https:\/\/stressnostress.ch\/wp-content\/uploads\/2025\/03\/stressnostress_opengraph2.jpg","type":"image\/jpeg"}],"twitter_card":"summary_large_image","twitter_misc":{"Est. reading time":"1 minute"},"schema":{"@context":"https:\/\/schema.org","@graph":[{"@type":"WebPage","@id":"https:\/\/stressnostress.ch\/index.php\/uber-uns-fr\/","url":"https:\/\/stressnostress.ch\/index.php\/uber-uns-fr\/","name":"\u00dcber uns-fr - stressnostress","isPartOf":{"@id":"https:\/\/stressnostress.ch\/#website"},"datePublished":"2025-03-19T21:41:47+00:00","dateModified":"2025-03-19T23:43:29+00:00","breadcrumb":{"@id":"https:\/\/stressnostress.ch\/index.php\/uber-uns-fr\/#breadcrumb"},"inLanguage":"en-US","potentialAction":[{"@type":"ReadAction","target":["https:\/\/stressnostress.ch\/index.php\/uber-uns-fr\/"]}]},{"@type":"BreadcrumbList","@id":"https:\/\/stressnostress.ch\/index.php\/uber-uns-fr\/#breadcrumb","itemListElement":[{"@type":"ListItem","position":1,"name":"Home","item":"https:\/\/stressnostress.ch\/"},{"@type":"ListItem","position":2,"name":"\u00dcber uns-fr"}]},{"@type":"WebSite","@id":"https:\/\/stressnostress.ch\/#website","url":"https:\/\/stressnostress.ch\/","name":"stressnostress","description":"Stress, Stressabbau und Stresspr\u00e4vention,","publisher":{"@id":"https:\/\/stressnostress.ch\/#organization"},"potentialAction":[{"@type":"SearchAction","target":{"@type":"EntryPoint","urlTemplate":"https:\/\/stressnostress.ch\/?s={search_term_string}"},"query-input":{"@type":"PropertyValueSpecification","valueRequired":true,"valueName":"search_term_string"}}],"inLanguage":"en-US"},{"@type":"Organization","@id":"https:\/\/stressnostress.ch\/#organization","name":"stressnostress","url":"https:\/\/stressnostress.ch\/","logo":{"@type":"ImageObject","inLanguage":"en-US","@id":"https:\/\/stressnostress.ch\/#\/schema\/logo\/image\/","url":"https:\/\/stressnostress.ch\/wp-content\/uploads\/2025\/01\/logo_color_circle.svg","contentUrl":"https:\/\/stressnostress.ch\/wp-content\/uploads\/2025\/01\/logo_color_circle.svg","width":208,"height":208,"caption":"stressnostress"},"image":{"@id":"https:\/\/stressnostress.ch\/#\/schema\/logo\/image\/"}}]}},"_links":{"self":[{"href":"https:\/\/stressnostress.ch\/index.php\/wp-json\/wp\/v2\/pages\/2219","targetHints":{"allow":["GET"]}}],"collection":[{"href":"https:\/\/stressnostress.ch\/index.php\/wp-json\/wp\/v2\/pages"}],"about":[{"href":"https:\/\/stressnostress.ch\/index.php\/wp-json\/wp\/v2\/types\/page"}],"author":[{"embeddable":true,"href":"https:\/\/stressnostress.ch\/index.php\/wp-json\/wp\/v2\/users\/1"}],"replies":[{"embeddable":true,"href":"https:\/\/stressnostress.ch\/index.php\/wp-json\/wp\/v2\/comments?post=2219"}],"version-history":[{"count":28,"href":"https:\/\/stressnostress.ch\/index.php\/wp-json\/wp\/v2\/pages\/2219\/revisions"}],"predecessor-version":[{"id":2341,"href":"https:\/\/stressnostress.ch\/index.php\/wp-json\/wp\/v2\/pages\/2219\/revisions\/2341"}],"wp:attachment":[{"href":"https:\/\/stressnostress.ch\/index.php\/wp-json\/wp\/v2\/media?parent=2219"}],"curies":[{"name":"wp","href":"https:\/\/api.w.org\/{rel}","templated":true}]}}