{"id":1076,"date":"2025-03-05T20:54:35","date_gmt":"2025-03-05T20:54:35","guid":{"rendered":"https:\/\/stressnostress.ch\/?page_id=1076"},"modified":"2025-03-12T14:06:07","modified_gmt":"2025-03-12T14:06:07","slug":"stress-check","status":"publish","type":"page","link":"https:\/\/stressnostress.ch\/index.php\/stress-check\/","title":{"rendered":"stress-check"},"content":{"rendered":"\t\t<div data-elementor-type=\"wp-page\" data-elementor-id=\"1076\" class=\"elementor elementor-1076\" data-elementor-post-type=\"page\">\n\t\t\t\t<div class=\"elementor-element elementor-element-793f417 e-con-full e-flex e-con e-parent\" data-id=\"793f417\" data-element_type=\"container\" data-e-type=\"container\">\n\t\t<div class=\"elementor-element elementor-element-2576ecf e-con-full e-flex e-con e-child\" data-id=\"2576ecf\" data-element_type=\"container\" data-e-type=\"container\" data-settings=\"{&quot;background_background&quot;:&quot;classic&quot;}\">\n\t\t\t\t<\/div>\n\t\t\t\t<\/div>\n\t\t<div class=\"elementor-element elementor-element-5d6c8a2 e-flex e-con-boxed e-con e-parent\" data-id=\"5d6c8a2\" data-element_type=\"container\" data-e-type=\"container\" data-settings=\"{&quot;background_background&quot;:&quot;classic&quot;}\">\n\t\t\t\t\t<div class=\"e-con-inner\">\n\t\t<div class=\"elementor-element elementor-element-400aeaa e-con-full e-flex e-con e-child\" data-id=\"400aeaa\" data-element_type=\"container\" data-e-type=\"container\">\n\t\t<div class=\"elementor-element elementor-element-16d7a23 e-con-full e-flex e-con e-child\" data-id=\"16d7a23\" data-element_type=\"container\" data-e-type=\"container\">\n\t\t\t\t<\/div>\n\t\t<div class=\"elementor-element elementor-element-55920e0 e-con-full e-flex e-con e-child\" data-id=\"55920e0\" data-element_type=\"container\" data-e-type=\"container\">\n\t\t\t\t<div class=\"elementor-element elementor-element-791b9a7 elementor-widget elementor-widget-text-editor\" data-id=\"791b9a7\" data-element_type=\"widget\" data-e-type=\"widget\" data-widget_type=\"text-editor.default\">\n\t\t\t\t<div class=\"elementor-widget-container\">\n\t\t\t\t\t\t\t\t\t<p>Stress-Check<\/p>\t\t\t\t\t\t\t\t<\/div>\n\t\t\t\t<\/div>\n\t\t\t\t<\/div>\n\t\t\t\t<\/div>\n\t\t\t\t\t<\/div>\n\t\t\t\t<\/div>\n\t\t<div class=\"elementor-element elementor-element-5c3abbb e-flex e-con-boxed e-con e-parent\" data-id=\"5c3abbb\" data-element_type=\"container\" data-e-type=\"container\" data-settings=\"{&quot;background_background&quot;:&quot;classic&quot;}\">\n\t\t\t\t\t<div class=\"e-con-inner\">\n\t\t\t\t<div class=\"elementor-element elementor-element-7b78ed2 elementor-nav-menu__align-center elementor-nav-menu--dropdown-none elementor-widget elementor-widget-nav-menu\" data-id=\"7b78ed2\" data-element_type=\"widget\" data-e-type=\"widget\" data-settings=\"{&quot;layout&quot;:&quot;horizontal&quot;,&quot;submenu_icon&quot;:{&quot;value&quot;:&quot;&lt;svg class=\\&quot;e-font-icon-svg e-fas-caret-down\\&quot; viewBox=\\&quot;0 0 320 512\\&quot; xmlns=\\&quot;http:\\\/\\\/www.w3.org\\\/2000\\\/svg\\&quot;&gt;&lt;path d=\\&quot;M31.3 192h257.3c17.8 0 26.7 21.5 14.1 34.1L174.1 354.8c-7.8 7.8-20.5 7.8-28.3 0L17.2 226.1C4.6 213.5 13.5 192 31.3 192z\\&quot;&gt;&lt;\\\/path&gt;&lt;\\\/svg&gt;&quot;,&quot;library&quot;:&quot;fa-solid&quot;}}\" data-widget_type=\"nav-menu.default\">\n\t\t\t\t<div class=\"elementor-widget-container\">\n\t\t\t\t\t\t\t\t<nav aria-label=\"Menu\" class=\"elementor-nav-menu--main elementor-nav-menu__container elementor-nav-menu--layout-horizontal e--pointer-underline e--animation-fade\">\n\t\t\t\t<ul id=\"menu-1-7b78ed2\" class=\"elementor-nav-menu\"><li class=\"menu-item menu-item-type-post_type menu-item-object-page menu-item-1790\"><a href=\"https:\/\/stressnostress.ch\/index.php\/home-2\/\" class=\"elementor-item\">Home<\/a><\/li>\n<li class=\"menu-item menu-item-type-post_type menu-item-object-page menu-item-1733\"><a href=\"https:\/\/stressnostress.ch\/index.php\/ich-und-stress\/\" class=\"elementor-item\">Stress-Check (Single)<\/a><\/li>\n<li class=\"menu-item menu-item-type-post_type menu-item-object-page menu-item-1734\"><a href=\"https:\/\/stressnostress.ch\/index.php\/unternehmen-und-stress\/\" class=\"elementor-item\">Stress-Check (Team)<\/a><\/li>\n<li class=\"menu-item menu-item-type-post_type menu-item-object-page menu-item-1735\"><a href=\"https:\/\/stressnostress.ch\/index.php\/wissen\/\" class=\"elementor-item\">Wissen<\/a><\/li>\n<li class=\"menu-item menu-item-type-post_type menu-item-object-page menu-item-1736\"><a href=\"https:\/\/stressnostress.ch\/index.php\/tools-und-coaching\/\" class=\"elementor-item\">Tools und Coaching<\/a><\/li>\n<li class=\"menu-item menu-item-type-post_type menu-item-object-page menu-item-1737\"><a href=\"https:\/\/stressnostress.ch\/index.php\/beratende-finden\/\" class=\"elementor-item\">Beratende finden<\/a><\/li>\n<li class=\"menu-item menu-item-type-post_type menu-item-object-page menu-item-1738\"><a href=\"https:\/\/stressnostress.ch\/index.php\/uber-uns\/\" class=\"elementor-item\">\u00dcber uns<\/a><\/li>\n<\/ul>\t\t\t<\/nav>\n\t\t\t\t\t\t<nav class=\"elementor-nav-menu--dropdown elementor-nav-menu__container\" aria-hidden=\"true\">\n\t\t\t\t<ul id=\"menu-2-7b78ed2\" class=\"elementor-nav-menu\"><li class=\"menu-item menu-item-type-post_type menu-item-object-page menu-item-1790\"><a href=\"https:\/\/stressnostress.ch\/index.php\/home-2\/\" class=\"elementor-item\" tabindex=\"-1\">Home<\/a><\/li>\n<li class=\"menu-item menu-item-type-post_type menu-item-object-page menu-item-1733\"><a href=\"https:\/\/stressnostress.ch\/index.php\/ich-und-stress\/\" class=\"elementor-item\" tabindex=\"-1\">Stress-Check (Single)<\/a><\/li>\n<li class=\"menu-item menu-item-type-post_type menu-item-object-page menu-item-1734\"><a href=\"https:\/\/stressnostress.ch\/index.php\/unternehmen-und-stress\/\" class=\"elementor-item\" tabindex=\"-1\">Stress-Check (Team)<\/a><\/li>\n<li class=\"menu-item menu-item-type-post_type menu-item-object-page menu-item-1735\"><a href=\"https:\/\/stressnostress.ch\/index.php\/wissen\/\" class=\"elementor-item\" tabindex=\"-1\">Wissen<\/a><\/li>\n<li class=\"menu-item menu-item-type-post_type menu-item-object-page menu-item-1736\"><a href=\"https:\/\/stressnostress.ch\/index.php\/tools-und-coaching\/\" class=\"elementor-item\" tabindex=\"-1\">Tools und Coaching<\/a><\/li>\n<li class=\"menu-item menu-item-type-post_type menu-item-object-page menu-item-1737\"><a href=\"https:\/\/stressnostress.ch\/index.php\/beratende-finden\/\" class=\"elementor-item\" tabindex=\"-1\">Beratende finden<\/a><\/li>\n<li class=\"menu-item menu-item-type-post_type menu-item-object-page menu-item-1738\"><a href=\"https:\/\/stressnostress.ch\/index.php\/uber-uns\/\" class=\"elementor-item\" tabindex=\"-1\">\u00dcber uns<\/a><\/li>\n<\/ul>\t\t\t<\/nav>\n\t\t\t\t\t\t<\/div>\n\t\t\t\t<\/div>\n\t\t\t\t\t<\/div>\n\t\t\t\t<\/div>\n\t\t<div class=\"elementor-element elementor-element-6f5acc9 e-flex e-con-boxed e-con e-parent\" data-id=\"6f5acc9\" data-element_type=\"container\" data-e-type=\"container\" data-settings=\"{&quot;background_background&quot;:&quot;classic&quot;}\">\n\t\t\t\t\t<div class=\"e-con-inner\">\n\t\t<div class=\"elementor-element elementor-element-89c55a7 e-con-full e-flex e-con e-child\" data-id=\"89c55a7\" data-element_type=\"container\" data-e-type=\"container\" data-settings=\"{&quot;animation&quot;:&quot;none&quot;}\">\n\t\t<a class=\"elementor-element elementor-element-90152f8 e-con-full e-flex elementor-invisible e-con e-child\" data-id=\"90152f8\" data-element_type=\"container\" data-e-type=\"container\" data-settings=\"{&quot;animation&quot;:&quot;fadeInLeft&quot;,&quot;background_background&quot;:&quot;classic&quot;}\" href=\"https:\/\/test.stressnostress.app\">\n\t\t\t\t<div class=\"elementor-element elementor-element-0a31802 elementor-widget elementor-widget-text-editor\" data-id=\"0a31802\" data-element_type=\"widget\" data-e-type=\"widget\" data-widget_type=\"text-editor.default\">\n\t\t\t\t<div class=\"elementor-widget-container\">\n\t\t\t\t\t\t\t\t\t<p>Stress-Check (Single)<\/p>\t\t\t\t\t\t\t\t<\/div>\n\t\t\t\t<\/div>\n\t\t\t\t<div class=\"elementor-element elementor-element-1579291 elementor-widget elementor-widget-text-editor\" data-id=\"1579291\" data-element_type=\"widget\" data-e-type=\"widget\" data-widget_type=\"text-editor.default\">\n\t\t\t\t<div class=\"elementor-widget-container\">\n\t\t\t\t\t\t\t\t\t<p>kostenfrei<\/p>\t\t\t\t\t\t\t\t<\/div>\n\t\t\t\t<\/div>\n\t\t\t\t<div class=\"elementor-element elementor-element-9568971 elementor-widget__width-initial elementor-widget-mobile__width-inherit elementor-widget elementor-widget-text-editor\" data-id=\"9568971\" data-element_type=\"widget\" data-e-type=\"widget\" data-widget_type=\"text-editor.default\">\n\t\t\t\t<div class=\"elementor-widget-container\">\n\t\t\t\t\t\t\t\t\t<p>Wollen Sie erfahren, wo Sie pers\u00f6nlich in Hinsicht auf Ihr Stresserleben im Verh\u00e4ltnis zu anderen Menschen stehen? Wir liefern Ihnen eine detaillierte Analyse ihres pers\u00f6nlichen Stresserlebens sowie n\u00fctzliche Hinweise und Tipps, wie Sie (noch) besser mit Ihrem Stress umgehen k\u00f6nnen.<\/p>\t\t\t\t\t\t\t\t<\/div>\n\t\t\t\t<\/div>\n\t\t\t\t<div class=\"elementor-element elementor-element-1cd79f3 elementor-view-default elementor-widget elementor-widget-icon\" data-id=\"1cd79f3\" data-element_type=\"widget\" data-e-type=\"widget\" data-widget_type=\"icon.default\">\n\t\t\t\t<div class=\"elementor-widget-container\">\n\t\t\t\t\t\t\t<div class=\"elementor-icon-wrapper\">\n\t\t\t<div class=\"elementor-icon\">\n\t\t\t<svg xmlns=\"http:\/\/www.w3.org\/2000\/svg\" id=\"Layer_2\" data-name=\"Layer 2\" viewBox=\"0 0 129.35 129.35\"><g id=\"Layer_1-2\" data-name=\"Layer 1\"><path d=\"M64.67,0C28.96,0,0,28.96,0,64.67s28.96,64.67,64.67,64.67,64.67-28.96,64.67-64.67S100.39,0,64.67,0ZM106.27,64.69c0,.08,0,.17-.01.25,0,.07,0,.14-.01.22,0,.01,0,.02,0,.03,0,.03,0,.05-.01.08,0,.06-.02.12-.03.19,0,.06-.02.12-.03.18,0,.02,0,.03,0,.05-.01.07-.04.14-.05.22,0,.01,0,.02,0,.03-.02.06-.03.12-.05.18,0,.02,0,.03-.01.05-.02.07-.05.15-.08.22-.02.07-.04.13-.07.2,0,.02-.01.03-.02.05-.03.07-.06.13-.09.19-.03.07-.07.14-.1.22,0,.01-.01.03-.02.04-.03.06-.06.11-.1.16-.05.08-.09.16-.14.23,0,0-.01.02-.02.03-.03.05-.07.09-.11.14-.06.08-.11.15-.17.23,0,.01-.02.02-.03.04,0,0,0,0,0,0-.02.02-.04.04-.05.06-.02.03-.05.05-.07.08-.06.06-.11.13-.17.19-.02.02-.04.04-.06.06-.05.05-.1.1-.16.14-.01,0-.02.02-.03.03-.04.03-.07.07-.1.1l-.02.02s0,0,0,0l-24.51,20.41c-.94.79-2.09,1.17-3.23,1.17-1.45,0-2.88-.62-3.88-1.82-1.79-2.14-1.5-5.33.65-7.11l13.81-11.5H28.13c-2.79,0-5.05-2.26-5.05-5.05s2.26-5.05,5.05-5.05h59.14l-13.81-11.5c-2.14-1.79-2.43-4.97-.65-7.11,1.78-2.14,4.97-2.43,7.11-.65l24.51,20.42s0,0,0,0l.02.02s.07.06.1.1c.01.01.03.02.04.03.06.05.12.1.18.16.01.01.03.03.04.04.06.06.11.12.17.19.01.01.03.03.04.04.03.03.06.06.08.09,0,0,0,0,0,0,.01.01.02.03.03.04.06.07.11.15.17.22.04.05.07.09.11.14,0,0,0,0,0,0,0,0,0,.01.01.02.05.08.1.15.14.23.03.05.07.11.1.16,0,.01.01.03.02.04.04.07.07.14.1.21.03.06.06.13.09.19,0,.02.01.03.02.05.03.06.05.13.07.19.03.07.06.15.08.22,0,.02,0,.03.01.05.02.06.03.12.05.18,0,0,0,.02,0,.03.02.07.04.15.06.22,0,.02,0,.03,0,.05.01.06.02.12.03.18,0,.06.02.12.03.18,0,.03,0,.05.01.08,0,.01,0,.02,0,.03,0,.07,0,.14.01.22,0,.08.01.17.01.25,0,0,0,0,0,.01s0,0,0,.01Z\"><\/path><\/g><\/svg>\t\t\t<\/div>\n\t\t<\/div>\n\t\t\t\t\t\t<\/div>\n\t\t\t\t<\/div>\n\t\t\t\t<\/a>\n\t\t<a class=\"elementor-element elementor-element-e21c12d e-con-full e-flex elementor-invisible e-con e-child\" data-id=\"e21c12d\" data-element_type=\"container\" data-e-type=\"container\" data-settings=\"{&quot;background_background&quot;:&quot;classic&quot;,&quot;animation&quot;:&quot;fadeInRight&quot;,&quot;animation_mobile&quot;:&quot;fadeInRight&quot;}\" href=\"https:\/\/stressnostress.ch\/index.php\/unternehmen-und-stress\/\">\n\t\t\t\t<div class=\"elementor-element elementor-element-6284233 elementor-widget elementor-widget-text-editor\" data-id=\"6284233\" data-element_type=\"widget\" data-e-type=\"widget\" data-widget_type=\"text-editor.default\">\n\t\t\t\t<div class=\"elementor-widget-container\">\n\t\t\t\t\t\t\t\t\t<p>Stress-Check (Team)<\/p>\t\t\t\t\t\t\t\t<\/div>\n\t\t\t\t<\/div>\n\t\t\t\t<div class=\"elementor-element elementor-element-d23194a elementor-widget elementor-widget-text-editor\" data-id=\"d23194a\" data-element_type=\"widget\" data-e-type=\"widget\" data-widget_type=\"text-editor.default\">\n\t\t\t\t<div class=\"elementor-widget-container\">\n\t\t\t\t\t\t\t\t\t<p>ab CHF 290 \/ Team<\/p>\t\t\t\t\t\t\t\t<\/div>\n\t\t\t\t<\/div>\n\t\t\t\t<div class=\"elementor-element elementor-element-3f59d51 elementor-widget__width-initial elementor-widget-mobile__width-inherit elementor-widget elementor-widget-text-editor\" data-id=\"3f59d51\" data-element_type=\"widget\" data-e-type=\"widget\" data-widget_type=\"text-editor.default\">\n\t\t\t\t<div class=\"elementor-widget-container\">\n\t\t\t\t\t\t\t\t\t<p>Sie m\u00f6chten wissen, wie es um das Stresserleben Ihres Teams oder Ihrer Teams steht? Wir liefern Ihnen eine detaillierte Analyse des Stresserlebens \u00fcber ihr gesamtes Team sowie Tipps, um das Stresserleben in Ihrem Team\/Ihren Teams zu verbessern.\u00a0<\/p>\t\t\t\t\t\t\t\t<\/div>\n\t\t\t\t<\/div>\n\t\t\t\t<div class=\"elementor-element elementor-element-edc1920 elementor-view-default elementor-widget elementor-widget-icon\" data-id=\"edc1920\" data-element_type=\"widget\" data-e-type=\"widget\" data-widget_type=\"icon.default\">\n\t\t\t\t<div class=\"elementor-widget-container\">\n\t\t\t\t\t\t\t<div class=\"elementor-icon-wrapper\">\n\t\t\t<div class=\"elementor-icon\">\n\t\t\t<svg xmlns=\"http:\/\/www.w3.org\/2000\/svg\" id=\"Layer_2\" data-name=\"Layer 2\" viewBox=\"0 0 129.35 129.35\"><g id=\"Layer_1-2\" data-name=\"Layer 1\"><path d=\"M64.67,0C28.96,0,0,28.96,0,64.67s28.96,64.67,64.67,64.67,64.67-28.96,64.67-64.67S100.39,0,64.67,0ZM106.27,64.69c0,.08,0,.17-.01.25,0,.07,0,.14-.01.22,0,.01,0,.02,0,.03,0,.03,0,.05-.01.08,0,.06-.02.12-.03.19,0,.06-.02.12-.03.18,0,.02,0,.03,0,.05-.01.07-.04.14-.05.22,0,.01,0,.02,0,.03-.02.06-.03.12-.05.18,0,.02,0,.03-.01.05-.02.07-.05.15-.08.22-.02.07-.04.13-.07.2,0,.02-.01.03-.02.05-.03.07-.06.13-.09.19-.03.07-.07.14-.1.22,0,.01-.01.03-.02.04-.03.06-.06.11-.1.16-.05.08-.09.16-.14.23,0,0-.01.02-.02.03-.03.05-.07.09-.11.14-.06.08-.11.15-.17.23,0,.01-.02.02-.03.04,0,0,0,0,0,0-.02.02-.04.04-.05.06-.02.03-.05.05-.07.08-.06.06-.11.13-.17.19-.02.02-.04.04-.06.06-.05.05-.1.1-.16.14-.01,0-.02.02-.03.03-.04.03-.07.07-.1.1l-.02.02s0,0,0,0l-24.51,20.41c-.94.79-2.09,1.17-3.23,1.17-1.45,0-2.88-.62-3.88-1.82-1.79-2.14-1.5-5.33.65-7.11l13.81-11.5H28.13c-2.79,0-5.05-2.26-5.05-5.05s2.26-5.05,5.05-5.05h59.14l-13.81-11.5c-2.14-1.79-2.43-4.97-.65-7.11,1.78-2.14,4.97-2.43,7.11-.65l24.51,20.42s0,0,0,0l.02.02s.07.06.1.1c.01.01.03.02.04.03.06.05.12.1.18.16.01.01.03.03.04.04.06.06.11.12.17.19.01.01.03.03.04.04.03.03.06.06.08.09,0,0,0,0,0,0,.01.01.02.03.03.04.06.07.11.15.17.22.04.05.07.09.11.14,0,0,0,0,0,0,0,0,0,.01.01.02.05.08.1.15.14.23.03.05.07.11.1.16,0,.01.01.03.02.04.04.07.07.14.1.21.03.06.06.13.09.19,0,.02.01.03.02.05.03.06.05.13.07.19.03.07.06.15.08.22,0,.02,0,.03.01.05.02.06.03.12.05.18,0,0,0,.02,0,.03.02.07.04.15.06.22,0,.02,0,.03,0,.05.01.06.02.12.03.18,0,.06.02.12.03.18,0,.03,0,.05.01.08,0,.01,0,.02,0,.03,0,.07,0,.14.01.22,0,.08.01.17.01.25,0,0,0,0,0,.01s0,0,0,.01Z\"><\/path><\/g><\/svg>\t\t\t<\/div>\n\t\t<\/div>\n\t\t\t\t\t\t<\/div>\n\t\t\t\t<\/div>\n\t\t\t\t<\/a>\n\t\t\t\t<\/div>\n\t\t\t\t\t<\/div>\n\t\t\t\t<\/div>\n\t\t<div class=\"elementor-element elementor-element-676414b e-flex e-con-boxed e-con e-parent\" data-id=\"676414b\" data-element_type=\"container\" data-e-type=\"container\" data-settings=\"{&quot;background_background&quot;:&quot;classic&quot;}\">\n\t\t\t\t\t<div class=\"e-con-inner\">\n\t\t<div class=\"elementor-element elementor-element-699fccf e-con-full e-flex e-con e-child\" data-id=\"699fccf\" data-element_type=\"container\" data-e-type=\"container\">\n\t\t<div class=\"elementor-element elementor-element-8be81df e-con-full e-flex e-con e-child\" data-id=\"8be81df\" data-element_type=\"container\" data-e-type=\"container\">\n\t\t\t\t<div class=\"elementor-element elementor-element-05884b4 elementor-widget__width-initial elementor-widget-mobile__width-inherit elementor-widget-tablet__width-initial elementor-widget elementor-widget-text-editor\" data-id=\"05884b4\" data-element_type=\"widget\" data-e-type=\"widget\" data-widget_type=\"text-editor.default\">\n\t\t\t\t<div class=\"elementor-widget-container\">\n\t\t\t\t\t\t\t\t\t<p class=\"p1\">Wollen Sie erfahren, wo Sie pers\u00f6nlich in Bezug auf Ihren Stress im Vergleich zu anderen Menschen stehen \u2013 und gleichzeitig wissen, wie es um das Stresserleben Ihres Teams bestellt ist? Stress kann durch eine Vielzahl an Belastungen in unterschiedlichen Lebensbereichen entstehen und Symptome auf verschiedenen Ebenen (z.B. K\u00f6rper, Psyche) hervorrufen. Unser Stress-Check bietet Ihnen eine schnelle und unkomplizierte M\u00f6glichkeit, Ihr pers\u00f6nliches Stresserleben zu erfassen und relevante Hinweise zu erhalten, welche Faktoren Ihren Stress beeinflussen und wie Sie (noch) besser damit umgehen k\u00f6nnen.<\/p><p class=\"p1\">M\u00f6chten Sie zudem einen \u00dcberblick \u00fcber das Stresserleben Ihres gesamten Teams? Dann nutzen Sie unseren Stress-Check f\u00fcr Teams. Nach einer kurzen Erhebung liefern wir Ihnen eine detaillierte Analyse Ihres Teams sowie Ratschl\u00e4ge, wie Sie gemeinsam Stress abbauen und pr\u00e4ventiv handeln k\u00f6nnen. Aufbauend darauf bieten wir bei Bedarf vertiefende Schulungen und Teamworkshops an, um langfristig ein ausgeglichenes Arbeitsklima zu f\u00f6rdern.<\/p>\t\t\t\t\t\t\t\t<\/div>\n\t\t\t\t<\/div>\n\t\t\t\t<\/div>\n\t\t\t\t<\/div>\n\t\t\t\t\t<\/div>\n\t\t\t\t<\/div>\n\t\t\t\t<\/div>\n\t\t","protected":false},"excerpt":{"rendered":"<p>Stress-Check Stress-Check (Single) kostenfrei Wollen Sie erfahren, wo Sie pers\u00f6nlich in Hinsicht auf Ihr Stresserleben im Verh\u00e4ltnis zu anderen Menschen stehen? Wir liefern Ihnen eine detaillierte Analyse ihres pers\u00f6nlichen Stresserlebens sowie n\u00fctzliche Hinweise und Tipps, wie Sie (noch) besser mit Ihrem Stress umgehen k\u00f6nnen. Stress-Check (Team) ab CHF 290 \/ Team Sie m\u00f6chten wissen, wie [&hellip;]<\/p>\n","protected":false},"author":1,"featured_media":0,"parent":0,"menu_order":0,"comment_status":"closed","ping_status":"closed","template":"","meta":{"footnotes":""},"class_list":["post-1076","page","type-page","status-publish","hentry"],"yoast_head":"<!-- This site is optimized with the Yoast SEO plugin v27.3 - https:\/\/yoast.com\/product\/yoast-seo-wordpress\/ -->\n<title>stress-check - stressnostress<\/title>\n<meta name=\"robots\" content=\"index, follow, max-snippet:-1, max-image-preview:large, max-video-preview:-1\" \/>\n<link rel=\"canonical\" href=\"https:\/\/stressnostress.ch\/index.php\/stress-check\/\" \/>\n<meta property=\"og:locale\" content=\"en_US\" \/>\n<meta property=\"og:type\" content=\"article\" \/>\n<meta property=\"og:title\" content=\"stress-check - stressnostress\" \/>\n<meta property=\"og:description\" content=\"Stress-Check Stress-Check (Single) kostenfrei Wollen Sie erfahren, wo Sie pers\u00f6nlich in Hinsicht auf Ihr Stresserleben im Verh\u00e4ltnis zu anderen Menschen stehen? Wir liefern Ihnen eine detaillierte Analyse ihres pers\u00f6nlichen Stresserlebens sowie n\u00fctzliche Hinweise und Tipps, wie Sie (noch) besser mit Ihrem Stress umgehen k\u00f6nnen. Stress-Check (Team) ab CHF 290 \/ Team Sie m\u00f6chten wissen, wie [&hellip;]\" \/>\n<meta property=\"og:url\" content=\"https:\/\/stressnostress.ch\/index.php\/stress-check\/\" \/>\n<meta property=\"og:site_name\" content=\"stressnostress\" \/>\n<meta property=\"article:modified_time\" content=\"2025-03-12T14:06:07+00:00\" \/>\n<meta property=\"og:image\" content=\"https:\/\/stressnostress.ch\/wp-content\/uploads\/2025\/03\/stressnostress_opengraph2.jpg\" \/>\n\t<meta property=\"og:image:width\" content=\"1200\" \/>\n\t<meta property=\"og:image:height\" content=\"627\" \/>\n\t<meta property=\"og:image:type\" content=\"image\/jpeg\" \/>\n<meta name=\"twitter:card\" content=\"summary_large_image\" \/>\n<meta name=\"twitter:label1\" content=\"Est. reading time\" \/>\n\t<meta name=\"twitter:data1\" content=\"2 minutes\" \/>\n<script type=\"application\/ld+json\" class=\"yoast-schema-graph\">{\"@context\":\"https:\\\/\\\/schema.org\",\"@graph\":[{\"@type\":\"WebPage\",\"@id\":\"https:\\\/\\\/stressnostress.ch\\\/index.php\\\/stress-check\\\/\",\"url\":\"https:\\\/\\\/stressnostress.ch\\\/index.php\\\/stress-check\\\/\",\"name\":\"stress-check - stressnostress\",\"isPartOf\":{\"@id\":\"https:\\\/\\\/stressnostress.ch\\\/#website\"},\"datePublished\":\"2025-03-05T20:54:35+00:00\",\"dateModified\":\"2025-03-12T14:06:07+00:00\",\"breadcrumb\":{\"@id\":\"https:\\\/\\\/stressnostress.ch\\\/index.php\\\/stress-check\\\/#breadcrumb\"},\"inLanguage\":\"en-US\",\"potentialAction\":[{\"@type\":\"ReadAction\",\"target\":[\"https:\\\/\\\/stressnostress.ch\\\/index.php\\\/stress-check\\\/\"]}]},{\"@type\":\"BreadcrumbList\",\"@id\":\"https:\\\/\\\/stressnostress.ch\\\/index.php\\\/stress-check\\\/#breadcrumb\",\"itemListElement\":[{\"@type\":\"ListItem\",\"position\":1,\"name\":\"Home\",\"item\":\"https:\\\/\\\/stressnostress.ch\\\/\"},{\"@type\":\"ListItem\",\"position\":2,\"name\":\"stress-check\"}]},{\"@type\":\"WebSite\",\"@id\":\"https:\\\/\\\/stressnostress.ch\\\/#website\",\"url\":\"https:\\\/\\\/stressnostress.ch\\\/\",\"name\":\"stressnostress\",\"description\":\"Stress, Stressabbau und Stresspr\u00e4vention,\",\"publisher\":{\"@id\":\"https:\\\/\\\/stressnostress.ch\\\/#organization\"},\"potentialAction\":[{\"@type\":\"SearchAction\",\"target\":{\"@type\":\"EntryPoint\",\"urlTemplate\":\"https:\\\/\\\/stressnostress.ch\\\/?s={search_term_string}\"},\"query-input\":{\"@type\":\"PropertyValueSpecification\",\"valueRequired\":true,\"valueName\":\"search_term_string\"}}],\"inLanguage\":\"en-US\"},{\"@type\":\"Organization\",\"@id\":\"https:\\\/\\\/stressnostress.ch\\\/#organization\",\"name\":\"stressnostress\",\"url\":\"https:\\\/\\\/stressnostress.ch\\\/\",\"logo\":{\"@type\":\"ImageObject\",\"inLanguage\":\"en-US\",\"@id\":\"https:\\\/\\\/stressnostress.ch\\\/#\\\/schema\\\/logo\\\/image\\\/\",\"url\":\"https:\\\/\\\/stressnostress.ch\\\/wp-content\\\/uploads\\\/2025\\\/01\\\/logo_color_circle.svg\",\"contentUrl\":\"https:\\\/\\\/stressnostress.ch\\\/wp-content\\\/uploads\\\/2025\\\/01\\\/logo_color_circle.svg\",\"width\":208,\"height\":208,\"caption\":\"stressnostress\"},\"image\":{\"@id\":\"https:\\\/\\\/stressnostress.ch\\\/#\\\/schema\\\/logo\\\/image\\\/\"}}]}<\/script>\n<!-- \/ Yoast SEO plugin. -->","yoast_head_json":{"title":"stress-check - stressnostress","robots":{"index":"index","follow":"follow","max-snippet":"max-snippet:-1","max-image-preview":"max-image-preview:large","max-video-preview":"max-video-preview:-1"},"canonical":"https:\/\/stressnostress.ch\/index.php\/stress-check\/","og_locale":"en_US","og_type":"article","og_title":"stress-check - stressnostress","og_description":"Stress-Check Stress-Check (Single) kostenfrei Wollen Sie erfahren, wo Sie pers\u00f6nlich in Hinsicht auf Ihr Stresserleben im Verh\u00e4ltnis zu anderen Menschen stehen? Wir liefern Ihnen eine detaillierte Analyse ihres pers\u00f6nlichen Stresserlebens sowie n\u00fctzliche Hinweise und Tipps, wie Sie (noch) besser mit Ihrem Stress umgehen k\u00f6nnen. Stress-Check (Team) ab CHF 290 \/ Team Sie m\u00f6chten wissen, wie [&hellip;]","og_url":"https:\/\/stressnostress.ch\/index.php\/stress-check\/","og_site_name":"stressnostress","article_modified_time":"2025-03-12T14:06:07+00:00","og_image":[{"width":1200,"height":627,"url":"https:\/\/stressnostress.ch\/wp-content\/uploads\/2025\/03\/stressnostress_opengraph2.jpg","type":"image\/jpeg"}],"twitter_card":"summary_large_image","twitter_misc":{"Est. reading time":"2 minutes"},"schema":{"@context":"https:\/\/schema.org","@graph":[{"@type":"WebPage","@id":"https:\/\/stressnostress.ch\/index.php\/stress-check\/","url":"https:\/\/stressnostress.ch\/index.php\/stress-check\/","name":"stress-check - stressnostress","isPartOf":{"@id":"https:\/\/stressnostress.ch\/#website"},"datePublished":"2025-03-05T20:54:35+00:00","dateModified":"2025-03-12T14:06:07+00:00","breadcrumb":{"@id":"https:\/\/stressnostress.ch\/index.php\/stress-check\/#breadcrumb"},"inLanguage":"en-US","potentialAction":[{"@type":"ReadAction","target":["https:\/\/stressnostress.ch\/index.php\/stress-check\/"]}]},{"@type":"BreadcrumbList","@id":"https:\/\/stressnostress.ch\/index.php\/stress-check\/#breadcrumb","itemListElement":[{"@type":"ListItem","position":1,"name":"Home","item":"https:\/\/stressnostress.ch\/"},{"@type":"ListItem","position":2,"name":"stress-check"}]},{"@type":"WebSite","@id":"https:\/\/stressnostress.ch\/#website","url":"https:\/\/stressnostress.ch\/","name":"stressnostress","description":"Stress, Stressabbau und Stresspr\u00e4vention,","publisher":{"@id":"https:\/\/stressnostress.ch\/#organization"},"potentialAction":[{"@type":"SearchAction","target":{"@type":"EntryPoint","urlTemplate":"https:\/\/stressnostress.ch\/?s={search_term_string}"},"query-input":{"@type":"PropertyValueSpecification","valueRequired":true,"valueName":"search_term_string"}}],"inLanguage":"en-US"},{"@type":"Organization","@id":"https:\/\/stressnostress.ch\/#organization","name":"stressnostress","url":"https:\/\/stressnostress.ch\/","logo":{"@type":"ImageObject","inLanguage":"en-US","@id":"https:\/\/stressnostress.ch\/#\/schema\/logo\/image\/","url":"https:\/\/stressnostress.ch\/wp-content\/uploads\/2025\/01\/logo_color_circle.svg","contentUrl":"https:\/\/stressnostress.ch\/wp-content\/uploads\/2025\/01\/logo_color_circle.svg","width":208,"height":208,"caption":"stressnostress"},"image":{"@id":"https:\/\/stressnostress.ch\/#\/schema\/logo\/image\/"}}]}},"_links":{"self":[{"href":"https:\/\/stressnostress.ch\/index.php\/wp-json\/wp\/v2\/pages\/1076","targetHints":{"allow":["GET"]}}],"collection":[{"href":"https:\/\/stressnostress.ch\/index.php\/wp-json\/wp\/v2\/pages"}],"about":[{"href":"https:\/\/stressnostress.ch\/index.php\/wp-json\/wp\/v2\/types\/page"}],"author":[{"embeddable":true,"href":"https:\/\/stressnostress.ch\/index.php\/wp-json\/wp\/v2\/users\/1"}],"replies":[{"embeddable":true,"href":"https:\/\/stressnostress.ch\/index.php\/wp-json\/wp\/v2\/comments?post=1076"}],"version-history":[{"count":92,"href":"https:\/\/stressnostress.ch\/index.php\/wp-json\/wp\/v2\/pages\/1076\/revisions"}],"predecessor-version":[{"id":2047,"href":"https:\/\/stressnostress.ch\/index.php\/wp-json\/wp\/v2\/pages\/1076\/revisions\/2047"}],"wp:attachment":[{"href":"https:\/\/stressnostress.ch\/index.php\/wp-json\/wp\/v2\/media?parent=1076"}],"curies":[{"name":"wp","href":"https:\/\/api.w.org\/{rel}","templated":true}]}}